{"id":16,"date":"2012-09-20T09:05:16","date_gmt":"2012-09-20T09:05:16","guid":{"rendered":"http:\/\/wsrodnas.pl\/?page_id=16"},"modified":"2019-09-18T15:17:57","modified_gmt":"2019-09-18T15:17:57","slug":"kontakt","status":"publish","type":"page","link":"https:\/\/wsrodnas.pl\/?page_id=16","title":{"rendered":"Kontakt"},"content":{"rendered":"<p>STOWARZYSZENIE PRZYJACI\u00d3\u0141<br \/>\nZESPO\u0141U SZK\u00d3\u0141\u00a0 SPECJALNYCH<br \/>\n<strong>\u201eW\u015aR\u00d3D NAS\u201d<br \/>\nAleja Kardyna\u0142a Wyszy\u0144skiego 3B<\/strong><br \/>\n16 \u2013 300 August\u00f3w<br \/>\n<strong>KRS 0000278437<\/strong><\/p>\n<p>&nbsp;<\/p>\n<div role=\"form\" class=\"wpcf7\" id=\"wpcf7-f18-o1\" lang=\"en-US\" dir=\"ltr\">\n<div class=\"screen-reader-response\"><p role=\"status\" aria-live=\"polite\" aria-atomic=\"true\"><\/p> <ul><\/ul><\/div>\n<form action=\"\/index.php?rest_route=%2Fwp%2Fv2%2Fpages%2F16#wpcf7-f18-o1\" method=\"post\" class=\"wpcf7-form init\" novalidate=\"novalidate\" data-status=\"init\">\n<div style=\"display: none;\">\n<input type=\"hidden\" name=\"_wpcf7\" value=\"18\" \/>\n<input type=\"hidden\" name=\"_wpcf7_version\" value=\"5.3.2\" \/>\n<input type=\"hidden\" name=\"_wpcf7_locale\" value=\"en_US\" \/>\n<input type=\"hidden\" name=\"_wpcf7_unit_tag\" value=\"wpcf7-f18-o1\" \/>\n<input type=\"hidden\" name=\"_wpcf7_container_post\" value=\"0\" \/>\n<input type=\"hidden\" name=\"_wpcf7_posted_data_hash\" value=\"\" \/>\n<input type=\"hidden\" name=\"_wpcf7_recaptcha_response\" value=\"\" \/>\n<\/div>\n<p>Imi\u0119 i nazwisko (wymagane)<br \/>\n    <span class=\"wpcf7-form-control-wrap your-name\"><input type=\"text\" name=\"your-name\" value=\"\" size=\"40\" class=\"wpcf7-form-control wpcf7-text wpcf7-validates-as-required\" aria-required=\"true\" aria-invalid=\"false\" \/><\/span> <\/p>\n<p>Adres email (wymagane)<br \/>\n    <span class=\"wpcf7-form-control-wrap your-email\"><input type=\"email\" name=\"your-email\" value=\"\" size=\"40\" class=\"wpcf7-form-control wpcf7-text wpcf7-email wpcf7-validates-as-required wpcf7-validates-as-email\" aria-required=\"true\" aria-invalid=\"false\" \/><\/span> <\/p>\n<p>Temat<br \/>\n    <span class=\"wpcf7-form-control-wrap your-subject\"><input type=\"text\" name=\"your-subject\" value=\"\" size=\"40\" class=\"wpcf7-form-control wpcf7-text\" aria-invalid=\"false\" \/><\/span> <\/p>\n<p>Tre\u015b\u0107 wiadomo\u015bci<br \/>\n    <span class=\"wpcf7-form-control-wrap your-message\"><textarea name=\"your-message\" cols=\"40\" rows=\"10\" class=\"wpcf7-form-control wpcf7-textarea\" aria-invalid=\"false\"><\/textarea><\/span> <\/p>\n<p><input type=\"submit\" value=\"Wy\u015blij\" class=\"wpcf7-form-control wpcf7-submit\" \/><\/p>\n<div class=\"wpcf7-response-output\" aria-hidden=\"true\"><\/div><\/form><\/div>\n<p>&nbsp;<\/p>\n<p><a href=\"http:\/\/wsrodnas.pl\/wp-content\/uploads\/2012\/09\/logownopp.jpg\" rel=\"lightbox[16]\"><img loading=\"lazy\" decoding=\"async\" class=\"aligncenter size-medium wp-image-84\" title=\"logownopp\" src=\"http:\/\/wsrodnas.pl\/wp-content\/uploads\/2012\/09\/logownopp-300x145.jpg\" alt=\"\" width=\"300\" height=\"145\" srcset=\"https:\/\/wsrodnas.pl\/wp-content\/uploads\/2012\/09\/logownopp-300x145.jpg 300w, https:\/\/wsrodnas.pl\/wp-content\/uploads\/2012\/09\/logownopp.jpg 949w\" sizes=\"(max-width: 300px) 100vw, 300px\" \/><\/a><\/p>\n","protected":false},"excerpt":{"rendered":"<p>STOWARZYSZENIE PRZYJACI\u00d3\u0141 ZESPO\u0141U SZK\u00d3\u0141\u00a0 SPECJALNYCH \u201eW\u015aR\u00d3D NAS\u201d Aleja Kardyna\u0142a Wyszy\u0144skiego 3B 16 \u2013 300 August\u00f3w KRS 0000278437 &nbsp; &nbsp;<\/p>\n","protected":false},"author":1,"featured_media":0,"parent":0,"menu_order":0,"comment_status":"open","ping_status":"open","template":"","meta":{"footnotes":""},"_links":{"self":[{"href":"https:\/\/wsrodnas.pl\/index.php?rest_route=\/wp\/v2\/pages\/16"}],"collection":[{"href":"https:\/\/wsrodnas.pl\/index.php?rest_route=\/wp\/v2\/pages"}],"about":[{"href":"https:\/\/wsrodnas.pl\/index.php?rest_route=\/wp\/v2\/types\/page"}],"author":[{"embeddable":true,"href":"https:\/\/wsrodnas.pl\/index.php?rest_route=\/wp\/v2\/users\/1"}],"replies":[{"embeddable":true,"href":"https:\/\/wsrodnas.pl\/index.php?rest_route=%2Fwp%2Fv2%2Fcomments&post=16"}],"version-history":[{"count":0,"href":"https:\/\/wsrodnas.pl\/index.php?rest_route=\/wp\/v2\/pages\/16\/revisions"}],"wp:attachment":[{"href":"https:\/\/wsrodnas.pl\/index.php?rest_route=%2Fwp%2Fv2%2Fmedia&parent=16"}],"curies":[{"name":"wp","href":"https:\/\/api.w.org\/{rel}","templated":true}]}}