{"id":11,"date":"2012-09-20T09:04:44","date_gmt":"2012-09-20T09:04:44","guid":{"rendered":"http:\/\/wsrodnas.pl\/?page_id=11"},"modified":"2014-01-21T20:46:04","modified_gmt":"2014-01-21T20:46:04","slug":"co-robimy","status":"publish","type":"page","link":"https:\/\/wsrodnas.pl\/?page_id=11","title":{"rendered":"Co robimy"},"content":{"rendered":"<table border=\"0\" cellspacing=\"0\" cellpadding=\"0\">\n<tbody>\n<tr>\n<td valign=\"top\" width=\"612\"><strong>Cele statutowe dzia\u0142alno\u015bci Stowarzyszenia<\/strong><\/p>\n<p>&nbsp;<\/p>\n<p>a) dzia\u0142alno\u015b\u0107 nieodp\u0142atna po\u017cytku publicznego<\/p>\n<p>84.12.Z Wsp\u00f3\u0142dzia\u0142anie z w\u0142adzami rz\u0105dowymi i samorz\u0105dowymi<br \/>\n94.99.Z Wsp\u00f3\u0142dzia\u0142anie z o\u015brodkami pomocy rodzinie, Pa\u0144stwowym Funduszem Rehabilitacji Os\u00f3b Niepe\u0142nosprawnych w celu uzyskiwania funduszy<br \/>\n18.12.Z Prowadzenie i wspieranie dzia\u0142alno\u015bci wydawniczej<br \/>\n93.29.Z Prowadzenie dzia\u0142alno\u015bci doradczej i szkoleniowej<br \/>\n82.30.Z Organizowanie spotka\u0144, targ\u00f3w, wystaw, seminari\u00f3w, konferencji<br \/>\n72.20.Z Inicjowanie, organizowanie i prowadzenie dzia\u0142alno\u015bci badawczej, naukowej i wdro\u017ceniowej<br \/>\n47.91.Z Prowadzenie i wspieranie dzia\u0142alno\u015bci internetowej i medialnej<br \/>\n85.52.Z Organizacje imprez \u015brodowiskowych z udzia\u0142em os\u00f3b niepe\u0142nosprawnych<br \/>\n88.91.Z Opracowywanie, koordynowanie i wdra\u017canie projekt\u00f3w, program\u00f3w, ekspertyz, bada\u0144, prognoz i innych przedsi\u0119wzi\u0119\u0107 zgodnych z celami statutowymi<br \/>\n85.60.Z Organizowanie, prowadzenie i wspieranie dzia\u0142a\u0144 edukacyjnych<br \/>\n85.51.Z Rozpowszechnianie materia\u0142\u00f3w edukacyjnych oraz innych zwi\u0105zanych z promocj\u0105 i wspieraniem cel\u00f3w statutowych<br \/>\n84.21.Z Wsp\u00f3\u0142praca z organizacjami, instytucjami o osobami w kraju i za granic\u0105<br \/>\n88.10.Z Aktywizacja spo\u0142ecze\u0144stwa, wspieranie oraz promowanie i organizowanie wolontariatu<br \/>\n73.11.Z Rozpowszechnianie do\u015bwiadcze\u0144 i dobrych wynik\u00f3w pracy stowarzyszenia<br \/>\n86.90.A Podejmowanie innych zgodnych z prawem przedsi\u0119wzi\u0119\u0107, jakie oka\u017c\u0105 si\u0119 celowe dla realizacji statutowej<\/td>\n<\/tr>\n<tr>\n<td valign=\"top\" width=\"612\">&nbsp;<\/td>\n<\/tr>\n<tr>\n<td valign=\"top\" width=\"612\">b) dzia\u0142alno\u015b\u0107 odp\u0142atna po\u017cytku publicznego<\/p>\n<p>18.12.Z Prowadzenie i wspieranie dzia\u0142alno\u015bci wydawniczej<br \/>\n93.29.Z Prowadzenie dzia\u0142alno\u015bci doradczej i szkoleniowej<br \/>\n82.30.Z Organizowanie spotka\u0144, targ\u00f3w, wystaw, seminari\u00f3w, konferencji<br \/>\n72.20.Z Inicjowanie, organizowanie i prowadzenie dzia\u0142alno\u015bci badawczej, naukowej i wdro\u017ceniowej<br \/>\n47.91.Z Prowadzenie i wspieranie dzia\u0142alno\u015bci internetowej i medialnej<br \/>\n85.52.Z Organizacje imprez \u015brodowiskowych z udzia\u0142em os\u00f3b niepe\u0142nosprawnych<br \/>\n88.91.Z Opracowywanie, koordynowanie i wdra\u017canie projekt\u00f3w, program\u00f3w, ekspertyz, bada\u0144, prognoz i innych przedsi\u0119wzi\u0119\u0107 zgodnych z celami statutowymi<br \/>\n85.60.Z Organizowanie, prowadzenie i wspieranie dzia\u0142a\u0144 edukacyjnych<br \/>\n85.51.Z Rozpowszechnianie materia\u0142\u00f3w edukacyjnych oraz innych zwi\u0105zanych z promocj\u0105 i wspieraniem cel\u00f3w statutowych<br \/>\n84.21.Z Wsp\u00f3\u0142praca z organizacjami, instytucjami i osobami w kraju, i za granic\u0105<br \/>\n88.10.Z Aktywizacja spo\u0142ecze\u0144stwa, wspieranie oraz promowanie i organizowanie wolontariatu<br \/>\n73.11.Z Rozpowszechnianie do\u015bwiadcze\u0144 i dobrych wynik\u00f3w pracy stowarzyszenia<br \/>\n86.90.Z Podejmowanie innych zgodnych z prawem przedsi\u0119wzi\u0119\u0107, jakie oka\u017c\u0105 si\u0119 celowe dla realizacji statutowej<\/td>\n<\/tr>\n<tr>\n<td valign=\"top\" width=\"612\">&nbsp;<\/td>\n<\/tr>\n<\/tbody>\n<\/table>\n","protected":false},"excerpt":{"rendered":"<p>Cele statutowe dzia\u0142alno\u015bci Stowarzyszenia &nbsp; a) dzia\u0142alno\u015b\u0107 nieodp\u0142atna po\u017cytku publicznego 84.12.Z Wsp\u00f3\u0142dzia\u0142anie z w\u0142adzami rz\u0105dowymi i samorz\u0105dowymi 94.99.Z Wsp\u00f3\u0142dzia\u0142anie z o\u015brodkami pomocy rodzinie, Pa\u0144stwowym Funduszem Rehabilitacji Os\u00f3b Niepe\u0142nosprawnych w celu uzyskiwania funduszy 18.12.Z Prowadzenie i wspieranie dzia\u0142alno\u015bci wydawniczej 93.29.Z Prowadzenie dzia\u0142alno\u015bci doradczej i szkoleniowej 82.30.Z Organizowanie spotka\u0144, targ\u00f3w, wystaw, seminari\u00f3w, konferencji 72.20.Z Inicjowanie, organizowanie i [&hellip;]<\/p>\n","protected":false},"author":1,"featured_media":0,"parent":0,"menu_order":0,"comment_status":"open","ping_status":"closed","template":"","meta":{"footnotes":""},"_links":{"self":[{"href":"https:\/\/wsrodnas.pl\/index.php?rest_route=\/wp\/v2\/pages\/11"}],"collection":[{"href":"https:\/\/wsrodnas.pl\/index.php?rest_route=\/wp\/v2\/pages"}],"about":[{"href":"https:\/\/wsrodnas.pl\/index.php?rest_route=\/wp\/v2\/types\/page"}],"author":[{"embeddable":true,"href":"https:\/\/wsrodnas.pl\/index.php?rest_route=\/wp\/v2\/users\/1"}],"replies":[{"embeddable":true,"href":"https:\/\/wsrodnas.pl\/index.php?rest_route=%2Fwp%2Fv2%2Fcomments&post=11"}],"version-history":[{"count":0,"href":"https:\/\/wsrodnas.pl\/index.php?rest_route=\/wp\/v2\/pages\/11\/revisions"}],"wp:attachment":[{"href":"https:\/\/wsrodnas.pl\/index.php?rest_route=%2Fwp%2Fv2%2Fmedia&parent=11"}],"curies":[{"name":"wp","href":"https:\/\/api.w.org\/{rel}","templated":true}]}}